{"id":7,"date":"2025-02-14T20:38:38","date_gmt":"2025-02-14T20:38:38","guid":{"rendered":"https:\/\/andreachapela.com\/?page_id=7"},"modified":"2025-05-14T15:41:32","modified_gmt":"2025-05-14T15:41:32","slug":"homeprov","status":"publish","type":"page","link":"https:\/\/andreachapela.com\/","title":{"rendered":"Andrea Chapela &#8211; sitio oficial"},"content":{"rendered":"\t\t<div data-elementor-type=\"wp-post\" data-elementor-id=\"7\" class=\"elementor elementor-7\">\n\t\t\t\t<div class=\"elementor-element elementor-element-85d963e e-flex e-con-boxed e-con e-parent\" data-id=\"85d963e\" data-element_type=\"container\">\n\t\t\t\t\t<div class=\"e-con-inner\">\n\t\t\t\t<div class=\"elementor-element elementor-element-4956ecc elementor-widget elementor-widget-image\" data-id=\"4956ecc\" data-element_type=\"widget\" data-widget_type=\"image.default\">\n\t\t\t\t<div class=\"elementor-widget-container\">\n\t\t\t\t\t\t\t\t\t\t\t\t\t\t\t<img decoding=\"async\" src=\"https:\/\/andreachapela.com\/wp-content\/uploads\/elementor\/thumbs\/chapela_08-scaled-r5s69hyp7lgfvcykz30qho8h7r6xr2avp9qg0kvn8m.jpg\" title=\"chapela_08\" alt=\"chapela_08\" loading=\"lazy\" \/>\t\t\t\t\t\t\t\t\t\t\t\t\t\t\t<\/div>\n\t\t\t\t<\/div>\n\t\t\t\t<div class=\"elementor-element elementor-element-99d6a93 elementor-widget elementor-widget-heading\" data-id=\"99d6a93\" data-element_type=\"widget\" data-widget_type=\"heading.default\">\n\t\t\t\t<div class=\"elementor-widget-container\">\n\t\t\t\t\t<h2 class=\"elementor-heading-title elementor-size-default\">Andrea Chapela<\/h2>\t\t\t\t<\/div>\n\t\t\t\t<\/div>\n\t\t\t\t<div class=\"elementor-element elementor-element-fd010b7 elementor-widget elementor-widget-text-editor\" data-id=\"fd010b7\" data-element_type=\"widget\" data-widget_type=\"text-editor.default\">\n\t\t\t\t<div class=\"elementor-widget-container\">\n\t\t\t\t\t\t\t\t\t<p><b>(M\u00e9xico)\u00a0<\/b>es autora de cuatro novelas juveniles de fantas\u00eda, un libro de ensayos y dos libros de cuentos. Su m\u00e1s reciente novela es\u00a0<i>Todos los fines del mundo<\/i>\u00a0(Literatura Penguin Random House, 2025). Estudi\u00f3 qu\u00edmica en la UNAM, un MFA en escritura creativa en espa\u00f1ol en la Universidad de Iowa y una Maestr\u00eda en Estudios de Jap\u00f3n en el Colegio de M\u00e9xico. Su obra ha sido traducida a varios idiomas y ha recibido varios premios nacionales. Adem\u00e1s, es una persona que encuentra mucha paz en las listas, las agendas y las metas. Su experiencia en gesti\u00f3n se limita a la organizaci\u00f3n de los encuentros de la Mexicona: Imaginaci\u00f3n y Futuro y a ser asistente de la C\u00e1tedra Jos\u00e9 S. Hel\u00fa de Lengua y Cultura \u00c1rabes de El Colegio de M\u00e9xico; sin embargo, tiene la creencia de que ser\u00eda una gran asistente personal.\u00a0Vive en la Ciudad de M\u00e9xico con sus dos gatos.\u00a0<\/p>\t\t\t\t\t\t\t\t<\/div>\n\t\t\t\t<\/div>\n\t\t\t\t<div class=\"elementor-element elementor-element-e400297 elementor-widget elementor-widget-heading\" data-id=\"e400297\" data-element_type=\"widget\" data-widget_type=\"heading.default\">\n\t\t\t\t<div class=\"elementor-widget-container\">\n\t\t\t\t\t<h2 class=\"elementor-heading-title elementor-size-default\">Mi nueva novela ya est\u00e1 disponible:<\/h2>\t\t\t\t<\/div>\n\t\t\t\t<\/div>\n\t\t\t\t<div class=\"elementor-element elementor-element-1e7066b elementor-widget elementor-widget-image\" data-id=\"1e7066b\" data-element_type=\"widget\" data-widget_type=\"image.default\">\n\t\t\t\t<div class=\"elementor-widget-container\">\n\t\t\t\t\t\t\t\t\t\t\t\t\t\t\t<img fetchpriority=\"high\" decoding=\"async\" width=\"176\" height=\"300\" src=\"https:\/\/andreachapela.com\/wp-content\/uploads\/2025\/05\/todos-176x300.jpg\" class=\"attachment-medium size-medium wp-image-21\" alt=\"\" srcset=\"https:\/\/andreachapela.com\/wp-content\/uploads\/2025\/05\/todos-176x300.jpg 176w, https:\/\/andreachapela.com\/wp-content\/uploads\/2025\/05\/todos.jpg 587w\" sizes=\"(max-width: 176px) 100vw, 176px\" \/>\t\t\t\t\t\t\t\t\t\t\t\t\t\t\t<\/div>\n\t\t\t\t<\/div>\n\t\t\t\t<div class=\"elementor-element elementor-element-ed0c854 elementor-icon-list--layout-traditional elementor-list-item-link-full_width elementor-widget elementor-widget-icon-list\" data-id=\"ed0c854\" data-element_type=\"widget\" data-widget_type=\"icon-list.default\">\n\t\t\t\t<div class=\"elementor-widget-container\">\n\t\t\t\t\t\t\t<ul class=\"elementor-icon-list-items\">\n\t\t\t\t\t\t\t<li class=\"elementor-icon-list-item\">\n\t\t\t\t\t\t\t\t\t\t\t<a href=\"https:\/\/www.amazon.com.mx\/Todos-los-fines-del-mundo\/dp\/6073857454\">\n\n\t\t\t\t\t\t\t\t\t\t\t\t<span class=\"elementor-icon-list-icon\">\n\t\t\t\t\t\t\t<svg aria-hidden=\"true\" class=\"e-font-icon-svg e-fab-amazon\" viewBox=\"0 0 448 512\" xmlns=\"http:\/\/www.w3.org\/2000\/svg\"><path d=\"M257.2 162.7c-48.7 1.8-169.5 15.5-169.5 117.5 0 109.5 138.3 114 183.5 43.2 6.5 10.2 35.4 37.5 45.3 46.8l56.8-56S341 288.9 341 261.4V114.3C341 89 316.5 32 228.7 32 140.7 32 94 87 94 136.3l73.5 6.8c16.3-49.5 54.2-49.5 54.2-49.5 40.7-.1 35.5 29.8 35.5 69.1zm0 86.8c0 80-84.2 68-84.2 17.2 0-47.2 50.5-56.7 84.2-57.8v40.6zm136 163.5c-7.7 10-70 67-174.5 67S34.2 408.5 9.7 379c-6.8-7.7 1-11.3 5.5-8.3C88.5 415.2 203 488.5 387.7 401c7.5-3.7 13.3 2 5.5 12zm39.8 2.2c-6.5 15.8-16 26.8-21.2 31-5.5 4.5-9.5 2.7-6.5-3.8s19.3-46.5 12.7-55c-6.5-8.3-37-4.3-48-3.2-10.8 1-13 2-14-.3-2.3-5.7 21.7-15.5 37.5-17.5 15.7-1.8 41-.8 46 5.7 3.7 5.1 0 27.1-6.5 43.1z\"><\/path><\/svg>\t\t\t\t\t\t<\/span>\n\t\t\t\t\t\t\t\t\t\t<span class=\"elementor-icon-list-text\">Compra en Amazon<\/span>\n\t\t\t\t\t\t\t\t\t\t\t<\/a>\n\t\t\t\t\t\t\t\t\t<\/li>\n\t\t\t\t\t\t\t\t<li class=\"elementor-icon-list-item\">\n\t\t\t\t\t\t\t\t\t\t\t<a href=\"https:\/\/www.goodreads.com\/book\/show\/231517013-todos-los-fines-del-mundo\">\n\n\t\t\t\t\t\t\t\t\t\t\t\t<span class=\"elementor-icon-list-icon\">\n\t\t\t\t\t\t\t<svg aria-hidden=\"true\" class=\"e-font-icon-svg e-fab-goodreads-g\" viewBox=\"0 0 384 512\" xmlns=\"http:\/\/www.w3.org\/2000\/svg\"><path d=\"M42.6 403.3h2.8c12.7 0 25.5 0 38.2.1 1.6 0 3.1-.4 3.6 2.1 7.1 34.9 30 54.6 62.9 63.9 26.9 7.6 54.1 7.8 81.3 1.8 33.8-7.4 56-28.3 68-60.4 8-21.5 10.7-43.8 11-66.5.1-5.8.3-47-.2-52.8l-.9-.3c-.8 1.5-1.7 2.9-2.5 4.4-22.1 43.1-61.3 67.4-105.4 69.1-103 4-169.4-57-172-176.2-.5-23.7 1.8-46.9 8.3-69.7C58.3 47.7 112.3.6 191.6 0c61.3-.4 101.5 38.7 116.2 70.3.5 1.1 1.3 2.3 2.4 1.9V10.6h44.3c0 280.3.1 332.2.1 332.2-.1 78.5-26.7 143.7-103 162.2-69.5 16.9-159 4.8-196-57.2-8-13.5-11.8-28.3-13-44.5zM188.9 36.5c-52.5-.5-108.5 40.7-115 133.8-4.1 59 14.8 122.2 71.5 148.6 27.6 12.9 74.3 15 108.3-8.7 47.6-33.2 62.7-97 54.8-154-9.7-71.1-47.8-120-119.6-119.7z\"><\/path><\/svg>\t\t\t\t\t\t<\/span>\n\t\t\t\t\t\t\t\t\t\t<span class=\"elementor-icon-list-text\">Deja una rese\u00f1a en Goodreads<\/span>\n\t\t\t\t\t\t\t\t\t\t\t<\/a>\n\t\t\t\t\t\t\t\t\t<\/li>\n\t\t\t\t\t\t<\/ul>\n\t\t\t\t\t\t<\/div>\n\t\t\t\t<\/div>\n\t\t\t\t<div class=\"elementor-element elementor-element-68f793a elementor-widget elementor-widget-heading\" data-id=\"68f793a\" data-element_type=\"widget\" data-widget_type=\"heading.default\">\n\t\t\t\t<div class=\"elementor-widget-container\">\n\t\t\t\t\t<h2 class=\"elementor-heading-title elementor-size-default\">S\u00edgueme en redes sociales:<\/h2>\t\t\t\t<\/div>\n\t\t\t\t<\/div>\n\t\t\t\t<div class=\"elementor-element elementor-element-18e49c2 elementor-icon-list--layout-traditional elementor-list-item-link-full_width elementor-widget elementor-widget-icon-list\" data-id=\"18e49c2\" data-element_type=\"widget\" data-widget_type=\"icon-list.default\">\n\t\t\t\t<div class=\"elementor-widget-container\">\n\t\t\t\t\t\t\t<ul class=\"elementor-icon-list-items\">\n\t\t\t\t\t\t\t<li class=\"elementor-icon-list-item\">\n\t\t\t\t\t\t\t\t\t\t\t<a href=\"https:\/\/www.instagram.com\/andrea.chapela\/\">\n\n\t\t\t\t\t\t\t\t\t\t\t\t<span class=\"elementor-icon-list-icon\">\n\t\t\t\t\t\t\t<svg aria-hidden=\"true\" class=\"e-font-icon-svg e-fab-instagram\" viewBox=\"0 0 448 512\" xmlns=\"http:\/\/www.w3.org\/2000\/svg\"><path d=\"M224.1 141c-63.6 0-114.9 51.3-114.9 114.9s51.3 114.9 114.9 114.9S339 319.5 339 255.9 287.7 141 224.1 141zm0 189.6c-41.1 0-74.7-33.5-74.7-74.7s33.5-74.7 74.7-74.7 74.7 33.5 74.7 74.7-33.6 74.7-74.7 74.7zm146.4-194.3c0 14.9-12 26.8-26.8 26.8-14.9 0-26.8-12-26.8-26.8s12-26.8 26.8-26.8 26.8 12 26.8 26.8zm76.1 27.2c-1.7-35.9-9.9-67.7-36.2-93.9-26.2-26.2-58-34.4-93.9-36.2-37-2.1-147.9-2.1-184.9 0-35.8 1.7-67.6 9.9-93.9 36.1s-34.4 58-36.2 93.9c-2.1 37-2.1 147.9 0 184.9 1.7 35.9 9.9 67.7 36.2 93.9s58 34.4 93.9 36.2c37 2.1 147.9 2.1 184.9 0 35.9-1.7 67.7-9.9 93.9-36.2 26.2-26.2 34.4-58 36.2-93.9 2.1-37 2.1-147.8 0-184.8zM398.8 388c-7.8 19.6-22.9 34.7-42.6 42.6-29.5 11.7-99.5 9-132.1 9s-102.7 2.6-132.1-9c-19.6-7.8-34.7-22.9-42.6-42.6-11.7-29.5-9-99.5-9-132.1s-2.6-102.7 9-132.1c7.8-19.6 22.9-34.7 42.6-42.6 29.5-11.7 99.5-9 132.1-9s102.7-2.6 132.1 9c19.6 7.8 34.7 22.9 42.6 42.6 11.7 29.5 9 99.5 9 132.1s2.7 102.7-9 132.1z\"><\/path><\/svg>\t\t\t\t\t\t<\/span>\n\t\t\t\t\t\t\t\t\t\t<span class=\"elementor-icon-list-text\">Instagram<\/span>\n\t\t\t\t\t\t\t\t\t\t\t<\/a>\n\t\t\t\t\t\t\t\t\t<\/li>\n\t\t\t\t\t\t\t\t<li class=\"elementor-icon-list-item\">\n\t\t\t\t\t\t\t\t\t\t\t<a href=\"https:\/\/www.facebook.com\/andrea.chapela.escritora\">\n\n\t\t\t\t\t\t\t\t\t\t\t\t<span class=\"elementor-icon-list-icon\">\n\t\t\t\t\t\t\t<svg aria-hidden=\"true\" class=\"e-font-icon-svg e-fab-facebook\" viewBox=\"0 0 512 512\" xmlns=\"http:\/\/www.w3.org\/2000\/svg\"><path d=\"M504 256C504 119 393 8 256 8S8 119 8 256c0 123.78 90.69 226.38 209.25 245V327.69h-63V256h63v-54.64c0-62.15 37-96.48 93.67-96.48 27.14 0 55.52 4.84 55.52 4.84v61h-31.28c-30.8 0-40.41 19.12-40.41 38.73V256h68.78l-11 71.69h-57.78V501C413.31 482.38 504 379.78 504 256z\"><\/path><\/svg>\t\t\t\t\t\t<\/span>\n\t\t\t\t\t\t\t\t\t\t<span class=\"elementor-icon-list-text\">Facebook<\/span>\n\t\t\t\t\t\t\t\t\t\t\t<\/a>\n\t\t\t\t\t\t\t\t\t<\/li>\n\t\t\t\t\t\t\t\t<li class=\"elementor-icon-list-item\">\n\t\t\t\t\t\t\t\t\t\t\t<a href=\"https:\/\/x.com\/AndreaChapela\">\n\n\t\t\t\t\t\t\t\t\t\t\t\t<span class=\"elementor-icon-list-icon\">\n\t\t\t\t\t\t\t<svg aria-hidden=\"true\" class=\"e-font-icon-svg e-fab-x-twitter\" viewBox=\"0 0 512 512\" xmlns=\"http:\/\/www.w3.org\/2000\/svg\"><path d=\"M389.2 48h70.6L305.6 224.2 487 464H345L233.7 318.6 106.5 464H35.8L200.7 275.5 26.8 48H172.4L272.9 180.9 389.2 48zM364.4 421.8h39.1L151.1 88h-42L364.4 421.8z\"><\/path><\/svg>\t\t\t\t\t\t<\/span>\n\t\t\t\t\t\t\t\t\t\t<span class=\"elementor-icon-list-text\">Twitter\/X<\/span>\n\t\t\t\t\t\t\t\t\t\t\t<\/a>\n\t\t\t\t\t\t\t\t\t<\/li>\n\t\t\t\t\t\t<\/ul>\n\t\t\t\t\t\t<\/div>\n\t\t\t\t<\/div>\n\t\t\t\t\t<\/div>\n\t\t\t\t<\/div>\n\t\t<div class=\"elementor-element elementor-element-cb57703 e-flex e-con-boxed e-con e-parent\" data-id=\"cb57703\" data-element_type=\"container\" data-settings=\"{&quot;background_background&quot;:&quot;classic&quot;}\">\n\t\t\t\t\t<div class=\"e-con-inner\">\n\t\t\t\t<div class=\"elementor-element elementor-element-61d80ee e-transform elementor-widget elementor-widget-text-editor\" data-id=\"61d80ee\" data-element_type=\"widget\" data-settings=\"{&quot;_transform_scale_effect&quot;:{&quot;unit&quot;:&quot;px&quot;,&quot;size&quot;:0.6999999999999999555910790149937383830547332763671875,&quot;sizes&quot;:[]},&quot;_transform_scale_effect_tablet&quot;:{&quot;unit&quot;:&quot;px&quot;,&quot;size&quot;:&quot;&quot;,&quot;sizes&quot;:[]},&quot;_transform_scale_effect_mobile&quot;:{&quot;unit&quot;:&quot;px&quot;,&quot;size&quot;:&quot;&quot;,&quot;sizes&quot;:[]}}\" data-widget_type=\"text-editor.default\">\n\t\t\t\t<div class=\"elementor-widget-container\">\n\t\t\t\t\t\t\t\t\t<p>Andrea Chapela, 2025. Algunos derechos reservados.<\/p>\t\t\t\t\t\t\t\t<\/div>\n\t\t\t\t<\/div>\n\t\t\t\t\t<\/div>\n\t\t\t\t<\/div>\n\t\t\t\t<\/div>\n\t\t","protected":false},"excerpt":{"rendered":"<p>Andrea Chapela (M\u00e9xico)\u00a0es autora de cuatro novelas juveniles de fantas\u00eda, un libro de ensayos y dos libros de cuentos. Su m\u00e1s reciente novela es\u00a0Todos los fines del mundo\u00a0(Literatura Penguin Random House, 2025). Estudi\u00f3 qu\u00edmica en la UNAM, un MFA en escritura creativa en espa\u00f1ol en la Universidad de Iowa y una Maestr\u00eda en Estudios de [&hellip;]<\/p>\n","protected":false},"author":1,"featured_media":0,"parent":0,"menu_order":0,"comment_status":"closed","ping_status":"closed","template":"elementor_canvas","meta":{"footnotes":""},"class_list":["post-7","page","type-page","status-publish","hentry"],"yoast_head":"<!-- This site is optimized with the Yoast SEO plugin v25.1 - https:\/\/yoast.com\/wordpress\/plugins\/seo\/ -->\n<title>Andrea Chapela - Sitio web oficial<\/title>\n<meta name=\"description\" content=\"Escritora mexicana de ciencia ficci\u00f3n y fantas\u00eda. Autora de cuatro novelas juveniles, un libro de ensayos, dos libros de cuentos y una novela\" \/>\n<meta name=\"robots\" content=\"index, follow, max-snippet:-1, max-image-preview:large, max-video-preview:-1\" \/>\n<link rel=\"canonical\" href=\"https:\/\/andreachapela.com\/\" \/>\n<meta property=\"og:locale\" content=\"es_ES\" \/>\n<meta property=\"og:type\" content=\"article\" \/>\n<meta property=\"og:title\" content=\"Andrea Chapela - Sitio web oficial\" \/>\n<meta property=\"og:description\" content=\"Escritora mexicana de ciencia ficci\u00f3n y fantas\u00eda. Autora de cuatro novelas juveniles, un libro de ensayos, dos libros de cuentos y una novela\" \/>\n<meta property=\"og:url\" content=\"https:\/\/andreachapela.com\/\" \/>\n<meta property=\"og:site_name\" content=\"Andrea Chapela\" \/>\n<meta property=\"article:modified_time\" content=\"2025-05-14T15:41:32+00:00\" \/>\n<meta property=\"og:image\" content=\"https:\/\/andreachapela.com\/wp-content\/uploads\/elementor\/thumbs\/chapela_08-scaled-r5s69hyp7lgfvcykz30qho8h7r6xr2avp9qg0kvn8w.jpg\" \/>\n<meta name=\"twitter:card\" content=\"summary_large_image\" \/>\n<meta name=\"twitter:label1\" content=\"Tiempo de lectura\" \/>\n\t<meta name=\"twitter:data1\" content=\"2 minutos\" \/>\n<script type=\"application\/ld+json\" class=\"yoast-schema-graph\">{\"@context\":\"https:\/\/schema.org\",\"@graph\":[{\"@type\":\"WebPage\",\"@id\":\"https:\/\/andreachapela.com\/\",\"url\":\"https:\/\/andreachapela.com\/\",\"name\":\"Andrea Chapela - Sitio web oficial\",\"isPartOf\":{\"@id\":\"https:\/\/andreachapela.com\/#website\"},\"primaryImageOfPage\":{\"@id\":\"https:\/\/andreachapela.com\/#primaryimage\"},\"image\":{\"@id\":\"https:\/\/andreachapela.com\/#primaryimage\"},\"thumbnailUrl\":\"https:\/\/andreachapela.com\/wp-content\/uploads\/elementor\/thumbs\/chapela_08-scaled-r5s69hyp7lgfvcykz30qho8h7r6xr2avp9qg0kvn8w.jpg\",\"datePublished\":\"2025-02-14T20:38:38+00:00\",\"dateModified\":\"2025-05-14T15:41:32+00:00\",\"description\":\"Escritora mexicana de ciencia ficci\u00f3n y fantas\u00eda. Autora de cuatro novelas juveniles, un libro de ensayos, dos libros de cuentos y una novela\",\"breadcrumb\":{\"@id\":\"https:\/\/andreachapela.com\/#breadcrumb\"},\"inLanguage\":\"es\",\"potentialAction\":[{\"@type\":\"ReadAction\",\"target\":[\"https:\/\/andreachapela.com\/\"]}]},{\"@type\":\"ImageObject\",\"inLanguage\":\"es\",\"@id\":\"https:\/\/andreachapela.com\/#primaryimage\",\"url\":\"https:\/\/andreachapela.com\/wp-content\/uploads\/elementor\/thumbs\/chapela_08-scaled-r5s69hyp7lgfvcykz30qho8h7r6xr2avp9qg0kvn8w.jpg\",\"contentUrl\":\"https:\/\/andreachapela.com\/wp-content\/uploads\/elementor\/thumbs\/chapela_08-scaled-r5s69hyp7lgfvcykz30qho8h7r6xr2avp9qg0kvn8w.jpg\"},{\"@type\":\"BreadcrumbList\",\"@id\":\"https:\/\/andreachapela.com\/#breadcrumb\",\"itemListElement\":[{\"@type\":\"ListItem\",\"position\":1,\"name\":\"Portada\",\"item\":\"https:\/\/andreachapela.com\/\"},{\"@type\":\"ListItem\",\"position\":2,\"name\":\"Andrea Chapela &#8211; sitio oficial\"}]},{\"@type\":\"WebSite\",\"@id\":\"https:\/\/andreachapela.com\/#website\",\"url\":\"https:\/\/andreachapela.com\/\",\"name\":\"Andrea Chapela\",\"description\":\"\",\"potentialAction\":[{\"@type\":\"SearchAction\",\"target\":{\"@type\":\"EntryPoint\",\"urlTemplate\":\"https:\/\/andreachapela.com\/?s={search_term_string}\"},\"query-input\":{\"@type\":\"PropertyValueSpecification\",\"valueRequired\":true,\"valueName\":\"search_term_string\"}}],\"inLanguage\":\"es\"}]}<\/script>\n<!-- \/ Yoast SEO plugin. -->","yoast_head_json":{"title":"Andrea Chapela - Sitio web oficial","description":"Escritora mexicana de ciencia ficci\u00f3n y fantas\u00eda. Autora de cuatro novelas juveniles, un libro de ensayos, dos libros de cuentos y una novela","robots":{"index":"index","follow":"follow","max-snippet":"max-snippet:-1","max-image-preview":"max-image-preview:large","max-video-preview":"max-video-preview:-1"},"canonical":"https:\/\/andreachapela.com\/","og_locale":"es_ES","og_type":"article","og_title":"Andrea Chapela - Sitio web oficial","og_description":"Escritora mexicana de ciencia ficci\u00f3n y fantas\u00eda. Autora de cuatro novelas juveniles, un libro de ensayos, dos libros de cuentos y una novela","og_url":"https:\/\/andreachapela.com\/","og_site_name":"Andrea Chapela","article_modified_time":"2025-05-14T15:41:32+00:00","og_image":[{"url":"https:\/\/andreachapela.com\/wp-content\/uploads\/elementor\/thumbs\/chapela_08-scaled-r5s69hyp7lgfvcykz30qho8h7r6xr2avp9qg0kvn8w.jpg","type":"","width":"","height":""}],"twitter_card":"summary_large_image","twitter_misc":{"Tiempo de lectura":"2 minutos"},"schema":{"@context":"https:\/\/schema.org","@graph":[{"@type":"WebPage","@id":"https:\/\/andreachapela.com\/","url":"https:\/\/andreachapela.com\/","name":"Andrea Chapela - Sitio web oficial","isPartOf":{"@id":"https:\/\/andreachapela.com\/#website"},"primaryImageOfPage":{"@id":"https:\/\/andreachapela.com\/#primaryimage"},"image":{"@id":"https:\/\/andreachapela.com\/#primaryimage"},"thumbnailUrl":"https:\/\/andreachapela.com\/wp-content\/uploads\/elementor\/thumbs\/chapela_08-scaled-r5s69hyp7lgfvcykz30qho8h7r6xr2avp9qg0kvn8w.jpg","datePublished":"2025-02-14T20:38:38+00:00","dateModified":"2025-05-14T15:41:32+00:00","description":"Escritora mexicana de ciencia ficci\u00f3n y fantas\u00eda. Autora de cuatro novelas juveniles, un libro de ensayos, dos libros de cuentos y una novela","breadcrumb":{"@id":"https:\/\/andreachapela.com\/#breadcrumb"},"inLanguage":"es","potentialAction":[{"@type":"ReadAction","target":["https:\/\/andreachapela.com\/"]}]},{"@type":"ImageObject","inLanguage":"es","@id":"https:\/\/andreachapela.com\/#primaryimage","url":"https:\/\/andreachapela.com\/wp-content\/uploads\/elementor\/thumbs\/chapela_08-scaled-r5s69hyp7lgfvcykz30qho8h7r6xr2avp9qg0kvn8w.jpg","contentUrl":"https:\/\/andreachapela.com\/wp-content\/uploads\/elementor\/thumbs\/chapela_08-scaled-r5s69hyp7lgfvcykz30qho8h7r6xr2avp9qg0kvn8w.jpg"},{"@type":"BreadcrumbList","@id":"https:\/\/andreachapela.com\/#breadcrumb","itemListElement":[{"@type":"ListItem","position":1,"name":"Portada","item":"https:\/\/andreachapela.com\/"},{"@type":"ListItem","position":2,"name":"Andrea Chapela &#8211; sitio oficial"}]},{"@type":"WebSite","@id":"https:\/\/andreachapela.com\/#website","url":"https:\/\/andreachapela.com\/","name":"Andrea Chapela","description":"","potentialAction":[{"@type":"SearchAction","target":{"@type":"EntryPoint","urlTemplate":"https:\/\/andreachapela.com\/?s={search_term_string}"},"query-input":{"@type":"PropertyValueSpecification","valueRequired":true,"valueName":"search_term_string"}}],"inLanguage":"es"}]}},"_links":{"self":[{"href":"https:\/\/andreachapela.com\/index.php\/wp-json\/wp\/v2\/pages\/7","targetHints":{"allow":["GET"]}}],"collection":[{"href":"https:\/\/andreachapela.com\/index.php\/wp-json\/wp\/v2\/pages"}],"about":[{"href":"https:\/\/andreachapela.com\/index.php\/wp-json\/wp\/v2\/types\/page"}],"author":[{"embeddable":true,"href":"https:\/\/andreachapela.com\/index.php\/wp-json\/wp\/v2\/users\/1"}],"replies":[{"embeddable":true,"href":"https:\/\/andreachapela.com\/index.php\/wp-json\/wp\/v2\/comments?post=7"}],"version-history":[{"count":21,"href":"https:\/\/andreachapela.com\/index.php\/wp-json\/wp\/v2\/pages\/7\/revisions"}],"predecessor-version":[{"id":35,"href":"https:\/\/andreachapela.com\/index.php\/wp-json\/wp\/v2\/pages\/7\/revisions\/35"}],"wp:attachment":[{"href":"https:\/\/andreachapela.com\/index.php\/wp-json\/wp\/v2\/media?parent=7"}],"curies":[{"name":"wp","href":"https:\/\/api.w.org\/{rel}","templated":true}]}}